{"id":199,"date":"2021-06-25T07:06:39","date_gmt":"2021-06-25T07:06:39","guid":{"rendered":"http:\/\/keshetdeutschland.de\/?page_id=199"},"modified":"2022-04-14T12:04:57","modified_gmt":"2022-04-14T11:04:57","slug":"unsere-arbeit","status":"publish","type":"page","link":"http:\/\/keshetdeutschland.de\/de\/unsere-arbeit","title":{"rendered":"Unsere Arbeit"},"content":{"rendered":"\t\t<div data-elementor-type=\"wp-page\" data-elementor-id=\"199\" class=\"elementor elementor-199\">\n\t\t\t\t\t\t<section class=\"elementor-section elementor-top-section elementor-element elementor-element-ffe9e1b elementor-section-boxed elementor-section-height-default elementor-section-height-default\" data-id=\"ffe9e1b\" data-element_type=\"section\" data-e-type=\"section\">\n\t\t\t\t\t\t<div class=\"elementor-container elementor-column-gap-default\">\n\t\t\t\t\t<div class=\"elementor-column elementor-col-100 elementor-top-column elementor-element elementor-element-df30125\" data-id=\"df30125\" data-element_type=\"column\" data-e-type=\"column\">\n\t\t\t<div class=\"elementor-widget-wrap elementor-element-populated\">\n\t\t\t\t\t\t<div class=\"elementor-element elementor-element-88e06fb elementor-widget elementor-widget-text-editor\" data-id=\"88e06fb\" data-element_type=\"widget\" data-e-type=\"widget\" data-widget_type=\"text-editor.default\">\n\t\t\t\t<div class=\"elementor-widget-container\">\n\t\t\t\t\t\t\t\t\t<div style=\"font-size: 12px;\">\n<p><span style=\"color: var( --e-global-color-text ); font-family: var( --e-global-typography-text-font-family ), Sans-serif; font-weight: var( --e-global-typography-text-font-weight );\">Da wir \u00fcber einen ehrenamtlichen Vorstand, aber \u00fcber keine Hauptamtlichen o.\u00e4 verf\u00fcgen, sind wir in der Umsetzung vieler Projekte auf das Engagement unserer Keshetniks angewiesen. Entsprechend bunt ist auch unser Programm: Es spiegelt die<\/span><span style=\"color: var( --e-global-color-text ); font-family: var( --e-global-typography-text-font-family ), Sans-serif; font-weight: var( --e-global-typography-text-font-weight );\">&nbsp;<\/span><span style=\"color: var( --e-global-color-text ); font-family: var( --e-global-typography-text-font-family ), Sans-serif; font-weight: bold;\">Vielfalt&nbsp;<\/span><span style=\"color: var( --e-global-color-text ); font-family: var( --e-global-typography-text-font-family ), Sans-serif; font-weight: var( --e-global-typography-text-font-weight );\">und die Interessen unserer Vereinsmitglieder wieder. Unsere verschiedenen Teams arbeiten autonom an ihren Projekten und freuen sich immer \u00fcber Zuwachs und unterst\u00fctzende H\u00e4nde!<\/span><\/p>\n<\/div>\n<p style=\"font-size: 12px;\"><span style=\"color: var( --e-global-color-text ); font-family: var( --e-global-typography-text-font-family ), Sans-serif; font-weight: var( --e-global-typography-text-font-weight );\">Insbesondere<\/span><span style=\"color: var( --e-global-color-text ); font-family: var( --e-global-typography-text-font-family ), Sans-serif; font-weight: var( --e-global-typography-text-font-weight );\">&nbsp;<\/span><span style=\"color: var( --e-global-color-text ); font-family: var( --e-global-typography-text-font-family ), Sans-serif; font-weight: bold;\">Veranstaltungen<\/span><span style=\"color: var( --e-global-color-text ); font-family: var( --e-global-typography-text-font-family ), Sans-serif; font-weight: var( --e-global-typography-text-font-weight );\">&nbsp;<\/span><span style=\"color: var( --e-global-color-text ); font-family: var( --e-global-typography-text-font-family ), Sans-serif; font-weight: var( --e-global-typography-text-font-weight );\">sind f\u00fcr uns wichtige Anlaufstellen, um mit Vereinsmitgliedern und Interessierten im Austausch zu bleiben und Freir\u00e4ume oder<\/span><span style=\"color: var( --e-global-color-text ); font-family: var( --e-global-typography-text-font-family ), Sans-serif; font-weight: var( --e-global-typography-text-font-weight );\">&nbsp;<\/span><span style=\"color: var( --e-global-color-text ); font-family: var( --e-global-typography-text-font-family ), Sans-serif; font-weight: bold;\">Safer Spaces<\/span><span style=\"color: var( --e-global-color-text ); font-family: var( --e-global-typography-text-font-family ), Sans-serif; font-weight: var( --e-global-typography-text-font-weight );\">&nbsp;<\/span><span style=\"color: var( --e-global-color-text ); font-family: var( --e-global-typography-text-font-family ), Sans-serif; font-weight: var( --e-global-typography-text-font-weight );\">zu er\u00f6ffnen. Wir veranstalten beispielsweise<\/span><span style=\"color: var( --e-global-color-text ); font-family: var( --e-global-typography-text-font-family ), Sans-serif; font-weight: var( --e-global-typography-text-font-weight );\">&nbsp;<\/span><span style=\"color: var( --e-global-color-text ); font-family: var( --e-global-typography-text-font-family ), Sans-serif; font-weight: bold;\">Shabbatot, Seminare, Workshops, Feste<\/span><span style=\"color: var( --e-global-color-text ); font-family: var( --e-global-typography-text-font-family ), Sans-serif; font-weight: var( --e-global-typography-text-font-weight );\">&nbsp;<\/span><span style=\"color: var( --e-global-color-text ); font-family: var( --e-global-typography-text-font-family ), Sans-serif; font-weight: var( --e-global-typography-text-font-weight );\">zu den Feiertagen sowie Bildungs- und Kulturveranstaltungen. In unterschiedlicher Form spiegeln diese Events die Vielfalt j\u00fcdischer, queerer sowie feministischer Perspektiven und Lebensentw\u00fcrfe wieder. Wir haben bereits Events in<\/span><span style=\"color: var( --e-global-color-text ); font-family: var( --e-global-typography-text-font-family ), Sans-serif; font-weight: bold;\">&nbsp;Kooperation&nbsp;<\/span><span style=\"color: var( --e-global-color-text ); font-family: var( --e-global-typography-text-font-family ), Sans-serif; font-weight: var( --e-global-typography-text-font-weight );\">mit<\/span><span style=\"color: var( --e-global-color-text ); font-family: var( --e-global-typography-text-font-family ), Sans-serif; font-weight: var( --e-global-typography-text-font-weight );\">&nbsp;<\/span><span style=\"color: var( --e-global-color-text ); font-family: var( --e-global-typography-text-font-family ), Sans-serif; font-weight: var( --e-global-typography-text-font-weight );\">Gemeinden<\/span><span style=\"color: var( --e-global-color-text ); font-family: var( --e-global-typography-text-font-family ), Sans-serif; font-weight: var( --e-global-typography-text-font-weight );\">&nbsp;<\/span><span style=\"color: var( --e-global-color-text ); font-family: var( --e-global-typography-text-font-family ), Sans-serif; font-weight: var( --e-global-typography-text-font-weight );\">oder Institutionen wie der Fraenkelufer Gemeinde in Berlin, dem Zentralrat der Juden in Deutschland, dem J\u00fcdischen Museum Berlin, dem Verein 1700JLID und der J\u00fcdischen Gemeinde Mannheim organisiert.<\/span><\/p>\n<p style=\"font-size: 12px;\"><span style=\"color: var( --e-global-color-text ); font-family: var( --e-global-typography-text-font-family ), Sans-serif; font-weight: var( --e-global-typography-text-font-weight );\">Wie legen gro\u00dfen Wert darauf, dass die Veranstaltungen in jeglicher Form m\u00f6glichst<\/span><span style=\"color: var( --e-global-color-text ); font-family: var( --e-global-typography-text-font-family ), Sans-serif; font-weight: var( --e-global-typography-text-font-weight );\">&nbsp;<\/span><span style=\"color: var( --e-global-color-text ); font-family: var( --e-global-typography-text-font-family ), Sans-serif; font-weight: bold;\">offen und barrierearm&nbsp;<\/span><span style=\"color: var( --e-global-color-text ); font-family: var( --e-global-typography-text-font-family ), Sans-serif; font-weight: var( --e-global-typography-text-font-weight );\">sind und gleichzeitig gesch\u00fctzte sowie sichere R\u00e4ume f\u00fcr queere und j\u00fcdische Identit\u00e4ten bieten. Im Rahmen unserer M\u00f6glichkeiten bem\u00fchen wir uns um barrierearme R\u00e4umlichkeiten und<\/span><span style=\"color: var( --e-global-color-text ); font-family: var( --e-global-typography-text-font-family ), Sans-serif; font-weight: var( --e-global-typography-text-font-weight );\">&nbsp;<\/span><span style=\"color: var( --e-global-color-text ); font-family: var( --e-global-typography-text-font-family ), Sans-serif; font-weight: bold;\">niedrigschwellige Partizipationsangebote.&nbsp;<\/span><span style=\"color: var( --e-global-color-text ); font-family: var( --e-global-typography-text-font-family ), Sans-serif; font-weight: var( --e-global-typography-text-font-weight );\">Oftmals sind unsere Veranstaltungen geschlossen. Das hei\u00dft, sie ben\u00f6tigen eine vorherige Anmeldung, um unsere Mitglieder zu sch\u00fctzen. Die Verschr\u00e4nkung von Antisemitismus und der Diskriminierung aufgrund geschlechtlicher und\/oder sexueller Identit\u00e4t ben\u00f6tigt an dieser Stelle ein besonderes Augenmerk hinsichtlich der Sicherheit unserer Mitglieder.&nbsp;<\/span><\/p>\n<p style=\"font-size: 12px;\"><span style=\"color: var( --e-global-color-text ); font-family: var( --e-global-typography-text-font-family ), Sans-serif; font-weight: var( --e-global-typography-text-font-weight );\">Unser kreatives und aktives<\/span><span style=\"color: var( --e-global-color-text ); font-family: var( --e-global-typography-text-font-family ), Sans-serif; font-weight: bold;\">&nbsp;Social Media Team<\/span><span style=\"color: var( --e-global-color-text ); font-family: var( --e-global-typography-text-font-family ), Sans-serif; font-weight: var( --e-global-typography-text-font-weight );\">&nbsp;<\/span><span style=\"color: var( --e-global-color-text ); font-family: var( --e-global-typography-text-font-family ), Sans-serif; font-weight: var( --e-global-typography-text-font-weight );\">sorgt f\u00fcr ein wichtiges Standbein der Sichtbarkeit und Ansprechbarkeit nach Au\u00dfen. Unsere Instagram, TikTok und Facebook Kan\u00e4le sind sehr offen und zug\u00e4nglich gestaltet. Das Social Media Team k\u00fcmmert sich mit viel Leidenschaft darum, mit unserer Community in Kontakt zu bleiben und<\/span><span style=\"color: var( --e-global-color-text ); font-family: var( --e-global-typography-text-font-family ), Sans-serif; font-weight: var( --e-global-typography-text-font-weight );\">&nbsp;<\/span><span style=\"color: var( --e-global-color-text ); font-family: var( --e-global-typography-text-font-family ), Sans-serif; font-weight: bold;\">\u00fcberregional<\/span><span style=\"color: var( --e-global-color-text ); font-family: var( --e-global-typography-text-font-family ), Sans-serif; font-weight: var( --e-global-typography-text-font-weight );\">&nbsp;<\/span><span style=\"color: var( --e-global-color-text ); font-family: var( --e-global-typography-text-font-family ), Sans-serif; font-weight: var( --e-global-typography-text-font-weight );\">zu interagieren.<\/span><span style=\"color: var( --e-global-color-text ); font-family: var( --e-global-typography-text-font-family ), Sans-serif; font-weight: var( --e-global-typography-text-font-weight );\">&nbsp;<\/span><span style=\"color: var( --e-global-color-text ); font-family: var( --e-global-typography-text-font-family ), Sans-serif; font-weight: var( --e-global-typography-text-font-weight );\">Neben Beitr\u00e4gen zu queeren und j\u00fcdischen Themen informieren wir hier auch \u00fcber bevorstehende Veranstaltungen und News aus dem Verein<\/span><span style=\"color: var( --e-global-color-text ); font-family: var( --e-global-typography-text-font-family ), Sans-serif; font-weight: var( --e-global-typography-text-font-weight );\">.<\/span><span style=\"color: var( --e-global-color-text ); font-family: var( --e-global-typography-text-font-family ), Sans-serif; font-weight: var( --e-global-typography-text-font-weight );\">&nbsp;<\/span><span style=\"color: var( --e-global-color-text ); font-family: var( --e-global-typography-text-font-family ), Sans-serif; font-weight: var( --e-global-typography-text-font-weight );\">Wir geben uns dabei gro\u00dfe M\u00fche, die Inhalte leicht verst\u00e4ndlich aufzubereiten und niedrigschwellige Partizipation zu erm\u00f6glichen. Besucht, liked und folgt uns auf Instagram, TikTok und Facebook, um nichts mehr von Keshet zu verpassen.<\/span><\/p>\t\t\t\t\t\t\t\t<\/div>\n\t\t\t\t<\/div>\n\t\t\t\t\t<\/div>\n\t\t<\/div>\n\t\t\t\t\t<\/div>\n\t\t<\/section>\n\t\t\t\t<section class=\"elementor-section elementor-top-section elementor-element elementor-element-cd8832e elementor-section-boxed elementor-section-height-default elementor-section-height-default\" data-id=\"cd8832e\" data-element_type=\"section\" data-e-type=\"section\">\n\t\t\t\t\t\t<div class=\"elementor-container elementor-column-gap-default\">\n\t\t\t\t\t<div class=\"elementor-column elementor-col-100 elementor-top-column elementor-element elementor-element-9358fe3\" data-id=\"9358fe3\" data-element_type=\"column\" data-e-type=\"column\">\n\t\t\t<div class=\"elementor-widget-wrap elementor-element-populated\">\n\t\t\t\t\t\t<div class=\"elementor-element elementor-element-4a73c25 elementor-widget elementor-widget-image-gallery\" data-id=\"4a73c25\" data-element_type=\"widget\" data-e-type=\"widget\" data-widget_type=\"image-gallery.default\">\n\t\t\t\t<div class=\"elementor-widget-container\">\n\t\t\t\t\t\t\t<div class=\"elementor-image-gallery\">\n\t\t\t<div id='gallery-1' class='gallery galleryid-199 gallery-columns-3 gallery-size-2048x2048'><figure class='gallery-item'>\n\t\t\t<div class='gallery-icon portrait'>\n\t\t\t\t<a data-elementor-open-lightbox=\"yes\" data-elementor-lightbox-slideshow=\"4a73c25\" data-e-action-hash=\"#elementor-action%3Aaction%3Dlightbox%26settings%3DeyJpZCI6NjIsInVybCI6Imh0dHBzOlwvXC9rZXNoZXRkZXV0c2NobGFuZC5kZVwvd3AtY29udGVudFwvdXBsb2Fkc1wvMjAxOVwvMDRcLzQ3MjE3OTI4XzIxODA0Nzc5NDU1MjM4NjlfMTU3NDAxOTg5MzgxMDk1NDI0MF9uLmpwZyIsInNsaWRlc2hvdyI6IjRhNzNjMjUifQ%3D%3D\" href='https:\/\/keshetdeutschland.de\/wp-content\/uploads\/2019\/04\/47217928_2180477945523869_1574019893810954240_n.jpg'><img fetchpriority=\"high\" decoding=\"async\" width=\"720\" height=\"960\" src=\"https:\/\/keshetdeutschland.de\/wp-content\/uploads\/2019\/04\/47217928_2180477945523869_1574019893810954240_n.jpg\" class=\"attachment-2048x2048 size-2048x2048\" alt=\"\" srcset=\"https:\/\/keshetdeutschland.de\/wp-content\/uploads\/2019\/04\/47217928_2180477945523869_1574019893810954240_n.jpg 720w, https:\/\/keshetdeutschland.de\/wp-content\/uploads\/2019\/04\/47217928_2180477945523869_1574019893810954240_n-225x300.jpg 225w\" sizes=\"(max-width: 720px) 100vw, 720px\" \/><\/a>\n\t\t\t<\/div><\/figure><figure class='gallery-item'>\n\t\t\t<div class='gallery-icon portrait'>\n\t\t\t\t<a data-elementor-open-lightbox=\"yes\" data-elementor-lightbox-slideshow=\"4a73c25\" data-e-action-hash=\"#elementor-action%3Aaction%3Dlightbox%26settings%3DeyJpZCI6NzM4LCJ1cmwiOiJodHRwczpcL1wva2VzaGV0ZGV1dHNjaGxhbmQuZGVcL3dwLWNvbnRlbnRcL3VwbG9hZHNcLzIwMjFcLzA4XC9FOTVEMEVBMS0zNTlBLTQzM0QtOTFCOC00RDQ5QjFFNDREQTYuanBlZyIsInNsaWRlc2hvdyI6IjRhNzNjMjUifQ%3D%3D\" data-elementor-lightbox-title=\"Vor dem Centrum Judaicum an der Neuen Synagoge Berlin\" href='https:\/\/keshetdeutschland.de\/wp-content\/uploads\/2021\/08\/E95D0EA1-359A-433D-91B8-4D49B1E44DA6.jpeg'><img decoding=\"async\" width=\"1200\" height=\"1600\" src=\"https:\/\/keshetdeutschland.de\/wp-content\/uploads\/2021\/08\/E95D0EA1-359A-433D-91B8-4D49B1E44DA6.jpeg\" class=\"attachment-2048x2048 size-2048x2048\" alt=\"\" aria-describedby=\"gallery-1-738\" srcset=\"https:\/\/keshetdeutschland.de\/wp-content\/uploads\/2021\/08\/E95D0EA1-359A-433D-91B8-4D49B1E44DA6.jpeg 1200w, https:\/\/keshetdeutschland.de\/wp-content\/uploads\/2021\/08\/E95D0EA1-359A-433D-91B8-4D49B1E44DA6-225x300.jpeg 225w, https:\/\/keshetdeutschland.de\/wp-content\/uploads\/2021\/08\/E95D0EA1-359A-433D-91B8-4D49B1E44DA6-768x1024.jpeg 768w, https:\/\/keshetdeutschland.de\/wp-content\/uploads\/2021\/08\/E95D0EA1-359A-433D-91B8-4D49B1E44DA6-1152x1536.jpeg 1152w\" sizes=\"(max-width: 1200px) 100vw, 1200px\" \/><\/a>\n\t\t\t<\/div>\n\t\t\t\t<figcaption class='wp-caption-text gallery-caption' id='gallery-1-738'>\n\t\t\t\tVor dem Centrum Judaicum an der Neuen Synagoge Berlin\n\t\t\t\t<\/figcaption><\/figure><figure class='gallery-item'>\n\t\t\t<div class='gallery-icon landscape'>\n\t\t\t\t<a data-elementor-open-lightbox=\"yes\" data-elementor-lightbox-slideshow=\"4a73c25\" data-e-action-hash=\"#elementor-action%3Aaction%3Dlightbox%26settings%3DeyJpZCI6MTksInVybCI6Imh0dHBzOlwvXC9rZXNoZXRkZXV0c2NobGFuZC5kZVwvd3AtY29udGVudFwvdXBsb2Fkc1wvMjAxOVwvMDRcL0lNR184OTkyLmpwZyIsInNsaWRlc2hvdyI6IjRhNzNjMjUifQ%3D%3D\" data-elementor-lightbox-title=\"Vor dem Centrum Judaicum an der Neuen Synagoge Berlin\" href='https:\/\/keshetdeutschland.de\/wp-content\/uploads\/2019\/04\/IMG_8992.jpg'><img decoding=\"async\" width=\"2048\" height=\"1586\" src=\"https:\/\/keshetdeutschland.de\/wp-content\/uploads\/2019\/04\/IMG_8992.jpg\" class=\"attachment-2048x2048 size-2048x2048\" alt=\"\" srcset=\"https:\/\/keshetdeutschland.de\/wp-content\/uploads\/2019\/04\/IMG_8992.jpg 3905w, https:\/\/keshetdeutschland.de\/wp-content\/uploads\/2019\/04\/IMG_8992-300x232.jpg 300w, https:\/\/keshetdeutschland.de\/wp-content\/uploads\/2019\/04\/IMG_8992-768x595.jpg 768w, https:\/\/keshetdeutschland.de\/wp-content\/uploads\/2019\/04\/IMG_8992-1024x793.jpg 1024w\" sizes=\"(max-width: 2048px) 100vw, 2048px\" \/><\/a>\n\t\t\t<\/div><\/figure><figure class='gallery-item'>\n\t\t\t<div class='gallery-icon landscape'>\n\t\t\t\t<a data-elementor-open-lightbox=\"yes\" data-elementor-lightbox-slideshow=\"4a73c25\" data-e-action-hash=\"#elementor-action%3Aaction%3Dlightbox%26settings%3DeyJpZCI6NjQsInVybCI6Imh0dHBzOlwvXC9rZXNoZXRkZXV0c2NobGFuZC5kZVwvd3AtY29udGVudFwvdXBsb2Fkc1wvMjAxOVwvMDRcLzQ3Mzk2ODkxXzIxODA0Nzc5ODIxOTA1MzJfNzExNjE5MDU3MDk1OTA3NzM3Nl9uLmpwZyIsInNsaWRlc2hvdyI6IjRhNzNjMjUifQ%3D%3D\" data-elementor-lightbox-title=\"47396891_2180477982190532_7116190570959077376_n\" href='https:\/\/keshetdeutschland.de\/wp-content\/uploads\/2019\/04\/47396891_2180477982190532_7116190570959077376_n.jpg'><img loading=\"lazy\" decoding=\"async\" width=\"960\" height=\"720\" src=\"https:\/\/keshetdeutschland.de\/wp-content\/uploads\/2019\/04\/47396891_2180477982190532_7116190570959077376_n.jpg\" class=\"attachment-2048x2048 size-2048x2048\" alt=\"Pride Shabbat\" srcset=\"https:\/\/keshetdeutschland.de\/wp-content\/uploads\/2019\/04\/47396891_2180477982190532_7116190570959077376_n.jpg 960w, https:\/\/keshetdeutschland.de\/wp-content\/uploads\/2019\/04\/47396891_2180477982190532_7116190570959077376_n-300x225.jpg 300w, https:\/\/keshetdeutschland.de\/wp-content\/uploads\/2019\/04\/47396891_2180477982190532_7116190570959077376_n-768x576.jpg 768w\" sizes=\"(max-width: 960px) 100vw, 960px\" \/><\/a>\n\t\t\t<\/div><\/figure><figure class='gallery-item'>\n\t\t\t<div class='gallery-icon portrait'>\n\t\t\t\t<a data-elementor-open-lightbox=\"yes\" data-elementor-lightbox-slideshow=\"4a73c25\" data-e-action-hash=\"#elementor-action%3Aaction%3Dlightbox%26settings%3DeyJpZCI6NzM2LCJ1cmwiOiJodHRwczpcL1wva2VzaGV0ZGV1dHNjaGxhbmQuZGVcL3dwLWNvbnRlbnRcL3VwbG9hZHNcLzIwMjFcLzA4XC83RDU2Q0EzMi01MDYxLTQxNDItOUIwOC0zMkI5REY2NkFDNzEtZTE2Njg3MDUyNzM1NTIuanBlZyIsInNsaWRlc2hvdyI6IjRhNzNjMjUifQ%3D%3D\" data-elementor-lightbox-title=\"CSD 2021 Berlin\" href='https:\/\/keshetdeutschland.de\/wp-content\/uploads\/2021\/08\/7D56CA32-5061-4142-9B08-32B9DF66AC71-e1668705273552.jpeg'><img loading=\"lazy\" decoding=\"async\" width=\"544\" height=\"756\" src=\"https:\/\/keshetdeutschland.de\/wp-content\/uploads\/2021\/08\/7D56CA32-5061-4142-9B08-32B9DF66AC71-e1668705273552.jpeg\" class=\"attachment-2048x2048 size-2048x2048\" alt=\"\" aria-describedby=\"gallery-1-736\" srcset=\"https:\/\/keshetdeutschland.de\/wp-content\/uploads\/2021\/08\/7D56CA32-5061-4142-9B08-32B9DF66AC71-e1668705273552.jpeg 544w, https:\/\/keshetdeutschland.de\/wp-content\/uploads\/2021\/08\/7D56CA32-5061-4142-9B08-32B9DF66AC71-e1668705273552-216x300.jpeg 216w\" sizes=\"(max-width: 544px) 100vw, 544px\" \/><\/a>\n\t\t\t<\/div>\n\t\t\t\t<figcaption class='wp-caption-text gallery-caption' id='gallery-1-736'>\n\t\t\t\tCSD 2021 Berlin\n\t\t\t\t<\/figcaption><\/figure><figure class='gallery-item'>\n\t\t\t<div class='gallery-icon landscape'>\n\t\t\t\t<a data-elementor-open-lightbox=\"yes\" data-elementor-lightbox-slideshow=\"4a73c25\" data-e-action-hash=\"#elementor-action%3Aaction%3Dlightbox%26settings%3DeyJpZCI6NzM0LCJ1cmwiOiJodHRwczpcL1wva2VzaGV0ZGV1dHNjaGxhbmQuZGVcL3dwLWNvbnRlbnRcL3VwbG9hZHNcLzIwMjFcLzA4XC9DQkY0QjIzQy02NjVFLTQ4QTMtQjBDMy0wMjI0RTkzOEQzODcuanBlZyIsInNsaWRlc2hvdyI6IjRhNzNjMjUifQ%3D%3D\" data-elementor-lightbox-title=\"CSD 2021 Berlin\" href='https:\/\/keshetdeutschland.de\/wp-content\/uploads\/2021\/08\/CBF4B23C-665E-48A3-B0C3-0224E938D387.jpeg'><img loading=\"lazy\" decoding=\"async\" width=\"1600\" height=\"1200\" src=\"https:\/\/keshetdeutschland.de\/wp-content\/uploads\/2021\/08\/CBF4B23C-665E-48A3-B0C3-0224E938D387.jpeg\" class=\"attachment-2048x2048 size-2048x2048\" alt=\"\" aria-describedby=\"gallery-1-734\" srcset=\"https:\/\/keshetdeutschland.de\/wp-content\/uploads\/2021\/08\/CBF4B23C-665E-48A3-B0C3-0224E938D387.jpeg 1600w, https:\/\/keshetdeutschland.de\/wp-content\/uploads\/2021\/08\/CBF4B23C-665E-48A3-B0C3-0224E938D387-300x225.jpeg 300w, https:\/\/keshetdeutschland.de\/wp-content\/uploads\/2021\/08\/CBF4B23C-665E-48A3-B0C3-0224E938D387-1024x768.jpeg 1024w, https:\/\/keshetdeutschland.de\/wp-content\/uploads\/2021\/08\/CBF4B23C-665E-48A3-B0C3-0224E938D387-768x576.jpeg 768w, https:\/\/keshetdeutschland.de\/wp-content\/uploads\/2021\/08\/CBF4B23C-665E-48A3-B0C3-0224E938D387-1536x1152.jpeg 1536w\" sizes=\"(max-width: 1600px) 100vw, 1600px\" \/><\/a>\n\t\t\t<\/div>\n\t\t\t\t<figcaption class='wp-caption-text gallery-caption' id='gallery-1-734'>\n\t\t\t\tCSD 2021 Berlin\n\t\t\t\t<\/figcaption><\/figure><figure class='gallery-item'>\n\t\t\t<div class='gallery-icon landscape'>\n\t\t\t\t<a data-elementor-open-lightbox=\"yes\" data-elementor-lightbox-slideshow=\"4a73c25\" data-e-action-hash=\"#elementor-action%3Aaction%3Dlightbox%26settings%3DeyJpZCI6NzM3LCJ1cmwiOiJodHRwczpcL1wva2VzaGV0ZGV1dHNjaGxhbmQuZGVcL3dwLWNvbnRlbnRcL3VwbG9hZHNcLzIwMjFcLzA4XC9CQkQ1MEI1RC0yRjJFLTRDNDYtQjZENS1BQTFDMEI3MzFGREIuanBlZyIsInNsaWRlc2hvdyI6IjRhNzNjMjUifQ%3D%3D\" data-elementor-lightbox-title=\"CSD 2021 Berlin\" href='https:\/\/keshetdeutschland.de\/wp-content\/uploads\/2021\/08\/BBD50B5D-2F2E-4C46-B6D5-AA1C0B731FDB.jpeg'><img loading=\"lazy\" decoding=\"async\" width=\"1600\" height=\"1200\" src=\"https:\/\/keshetdeutschland.de\/wp-content\/uploads\/2021\/08\/BBD50B5D-2F2E-4C46-B6D5-AA1C0B731FDB.jpeg\" class=\"attachment-2048x2048 size-2048x2048\" alt=\"\" srcset=\"https:\/\/keshetdeutschland.de\/wp-content\/uploads\/2021\/08\/BBD50B5D-2F2E-4C46-B6D5-AA1C0B731FDB.jpeg 1600w, https:\/\/keshetdeutschland.de\/wp-content\/uploads\/2021\/08\/BBD50B5D-2F2E-4C46-B6D5-AA1C0B731FDB-300x225.jpeg 300w, https:\/\/keshetdeutschland.de\/wp-content\/uploads\/2021\/08\/BBD50B5D-2F2E-4C46-B6D5-AA1C0B731FDB-1024x768.jpeg 1024w, https:\/\/keshetdeutschland.de\/wp-content\/uploads\/2021\/08\/BBD50B5D-2F2E-4C46-B6D5-AA1C0B731FDB-768x576.jpeg 768w, https:\/\/keshetdeutschland.de\/wp-content\/uploads\/2021\/08\/BBD50B5D-2F2E-4C46-B6D5-AA1C0B731FDB-1536x1152.jpeg 1536w\" sizes=\"(max-width: 1600px) 100vw, 1600px\" \/><\/a>\n\t\t\t<\/div><\/figure>\n\t\t<\/div>\n\t\t<\/div>\n\t\t\t\t\t\t<\/div>\n\t\t\t\t<\/div>\n\t\t\t\t\t<\/div>\n\t\t<\/div>\n\t\t\t\t\t<\/div>\n\t\t<\/section>\n\t\t\t\t<\/div>\n\t\t","protected":false},"excerpt":{"rendered":"<p>Da wir \u00fcber einen ehrenamtlichen Vorstand, aber \u00fcber keine Hauptamtlichen o.\u00e4 verf\u00fcgen, sind wir in der Umsetzung vieler Projekte auf das Engagement unserer Keshetniks angewiesen. Entsprechend bunt ist auch unser Programm: Es spiegelt die&nbsp;Vielfalt&nbsp;und die Interessen unserer Vereinsmitglieder wieder. Unsere verschiedenen Teams arbeiten autonom an&nbsp;<a class=\"read-more\" href=\"http:\/\/keshetdeutschland.de\/de\/unsere-arbeit\">&hellip;<\/a><\/p>\n","protected":false},"author":4,"featured_media":0,"parent":0,"menu_order":0,"comment_status":"closed","ping_status":"closed","template":"","meta":{"content-type":"","ngg_post_thumbnail":0,"_price":"","_stock":"","_tribe_ticket_header":"","_tribe_default_ticket_provider":"","_tribe_ticket_capacity":"0","_ticket_start_date":"","_ticket_end_date":"","_tribe_ticket_show_description":"","_tribe_ticket_show_not_going":false,"_tribe_ticket_use_global_stock":"","_tribe_ticket_global_stock_level":"","_global_stock_mode":"","_global_stock_cap":"","_tribe_rsvp_for_event":"","_tribe_ticket_going_count":"","_tribe_ticket_not_going_count":"","_tribe_tickets_list":"[]","_tribe_ticket_has_attendee_info_fields":false,"footnotes":"","_tec_slr_enabled":"","_tec_slr_layout":""},"class_list":["post-199","page","type-page","status-publish","hentry"],"ticketed":false,"_links":{"self":[{"href":"http:\/\/keshetdeutschland.de\/de\/wp-json\/wp\/v2\/pages\/199","targetHints":{"allow":["GET"]}}],"collection":[{"href":"http:\/\/keshetdeutschland.de\/de\/wp-json\/wp\/v2\/pages"}],"about":[{"href":"http:\/\/keshetdeutschland.de\/de\/wp-json\/wp\/v2\/types\/page"}],"author":[{"embeddable":true,"href":"http:\/\/keshetdeutschland.de\/de\/wp-json\/wp\/v2\/users\/4"}],"replies":[{"embeddable":true,"href":"http:\/\/keshetdeutschland.de\/de\/wp-json\/wp\/v2\/comments?post=199"}],"version-history":[{"count":13,"href":"http:\/\/keshetdeutschland.de\/de\/wp-json\/wp\/v2\/pages\/199\/revisions"}],"predecessor-version":[{"id":1453,"href":"http:\/\/keshetdeutschland.de\/de\/wp-json\/wp\/v2\/pages\/199\/revisions\/1453"}],"wp:attachment":[{"href":"http:\/\/keshetdeutschland.de\/de\/wp-json\/wp\/v2\/media?parent=199"}],"curies":[{"name":"wp","href":"https:\/\/api.w.org\/{rel}","templated":true}]}}