{"id":253,"date":"2021-06-25T09:00:26","date_gmt":"2021-06-25T08:00:26","guid":{"rendered":"http:\/\/keshetdeutschland.de\/?page_id=253"},"modified":"2023-06-10T23:59:35","modified_gmt":"2023-06-10T21:59:35","slug":"support","status":"publish","type":"page","link":"https:\/\/keshetdeutschland.de\/de\/support","title":{"rendered":"Unterst\u00fctze unsere Arbeit"},"content":{"rendered":"\t\t<div data-elementor-type=\"wp-page\" data-elementor-id=\"253\" class=\"elementor elementor-253\">\n\t\t\t\t\t\t<section class=\"elementor-section elementor-top-section elementor-element elementor-element-57709684 elementor-section-boxed elementor-section-height-default elementor-section-height-default\" data-id=\"57709684\" data-element_type=\"section\" data-e-type=\"section\">\n\t\t\t\t\t\t<div class=\"elementor-container elementor-column-gap-default\">\n\t\t\t\t\t<div class=\"elementor-column elementor-col-100 elementor-top-column elementor-element elementor-element-216cc05b\" data-id=\"216cc05b\" data-element_type=\"column\" data-e-type=\"column\">\n\t\t\t<div class=\"elementor-widget-wrap elementor-element-populated\">\n\t\t\t\t\t\t<div class=\"elementor-element elementor-element-398f80a0 elementor-widget elementor-widget-text-editor\" data-id=\"398f80a0\" data-element_type=\"widget\" data-e-type=\"widget\" data-widget_type=\"text-editor.default\">\n\t\t\t\t<div class=\"elementor-widget-container\">\n\t\t\t\t\t\t\t\t\t<p><span style=\"font-size: 14pt;\"><\/span><\/p>\n<p><span style=\"font-size: 12pt; color: #808080;\">Du denkst, dass es Zeit ist f\u00fcr selbstverst\u00e4ndliches queer-j\u00fcdisches Leben? Du m\u00f6chtest gemeinsam mit uns an dieser Vision arbeiten, oder die Arbeit von <a style=\"color: #808080;\" href=\"http:\/\/www.keshetdeutschland.de\">Keshet Deutschland<\/a> unterst\u00fctzen?<\/span><\/p>\n<p>\u00a0<\/p>\n<p><span style=\"font-size: 12pt; color: #808080;\">Dann hast Du zwei M\u00f6glichkeiten:<\/span><\/p>\n<p>\u00a0<\/p>\n<p>\u00a0<\/p>\n<h2><span style=\"color: #808080;\"><span style=\"font-size: 12pt; color: #000000;\">1. <\/span><span style=\"font-size: 12pt;\"><span style=\"color: #000000;\">Werde Mitglied<\/span><br \/><\/span><\/span><\/h2>\n<p><span style=\"font-size: 12pt; color: #808080;\">Nur wenn uns Menschen ihre Stimme geben k\u00f6nnen wir sie auch repr\u00e4sentieren. Ob du aktiv sein m\u00f6chtest oder nicht, ist dir \u00fcberlassen. Wir freuen uns \u00fcber jede Person mehr, die wir als Keshetnik bezeichnen d\u00fcrfen! <span style=\"color: #0000ff;\"><a style=\"color: #0000ff;\" href=\"https:\/\/www.easyverein.com\/public\/KeshetDeu\/applicationform\/4587\" target=\"_blank\" rel=\"noopener\">Hier<\/a><\/span> findest Du unseren Mitgliedsantrag. Einfach ausf\u00fcllen und abschicken! <br \/><em>(Wir bitten um Verst\u00e4ndnis, dass die manuelle R\u00fcckmeldung ein paar Tage dauern kann)<\/em><\/span><\/p>\n<p>\u00a0<\/p>\n<p>\u00a0<\/p>\n<h2><span style=\"font-size: 12pt; color: #000000;\">2. Unterst\u00fctze uns finanziell<\/span><\/h2>\n<p><span style=\"color: #808080;\"><span style=\"font-size: 12pt;\">Ob f\u00fcr Flyer, Veranstaltungen, Software-Lizenzen oder Anderes \u2013 so gut wie alle unserer Aktivit\u00e4ten sind neben Menschlichen Ressourcen auch von finanziellen Mitteln abh\u00e4ngig. Sei es f\u00fcr einen bestimmten Zweck, oder eine grunds\u00e4tzliche Hilfestellung: Du kannst <\/span><span style=\"font-size: 12pt;\">uns durch eine Spende supporten. F\u00fcr Online-Banking, \u00dcberweisung per Zahlschein oder Dauerauftrag nutz bitte unser folgendes Spendenkonto: \u00a0 \u00a0<\/span><\/span><\/p>\n<p>\u00a0<\/p>\n<h5><span id=\"p_lt_ctl04_pageplaceholder_p_lt_ctl04_P2PFaq2_lblFaqText\" style=\"color: #000000;\">Keshet Deutschland e.V.<\/span><\/h5>\n<h5><span id=\"p_lt_ctl04_pageplaceholder_p_lt_ctl04_P2PFaq2_lblFaqText\" style=\"color: #000000;\">VR-Bank Altenburger Land eG \/ Deutsche Skatbank<\/span><\/h5>\n<h5><span style=\"color: #000000;\"><span id=\"p_lt_ctl04_pageplaceholder_p_lt_ctl04_P2PFaq2_lblFaqText\">IBAN: DE33 <\/span><span id=\"p_lt_ctl04_pageplaceholder_p_lt_ctl04_P2PFaq2_lblFaqText\">8306 5408 0004 1253 47 <\/span><\/span><\/h5>\n<h5><span id=\"p_lt_ctl04_pageplaceholder_p_lt_ctl04_P2PFaq2_lblFaqText\" style=\"color: #000000;\">BIC: GENODEF1SLR<\/span><\/h5>\n<div><span style=\"color: #000000;\">\u00a0<\/span><\/div>\n<div><span style=\"color: #000000;\">\u00a0<\/span><\/div>\n<div><span style=\"color: #000000;\">\u00a0<\/span><\/div>\n<div><span style=\"color: #000000;\">\u00a0<\/span><\/div>\n<div><span style=\"color: #000000;\">\u00a0<\/span><\/div>\n<div><span style=\"color: #000000;\">\u00a0<\/span><\/div>\n<div><span style=\"color: #000000;\">\u00a0<\/span><\/div>\n<div><span style=\"color: #000000;\">\u00a0<\/span><\/div>\n<p>\u00a0<\/p>\n<p><span id=\"p_lt_ctl04_pageplaceholder_p_lt_ctl04_P2PFaq2_lblFaqText\" style=\"color: #808080;\"><span style=\"font-size: 12pt;\"><u>Hinweis:<\/u> Da wir uns gerne f\u00fcr Spenden bedanken m\u00f6chten, w\u00e4ren wir dankbar, wenn Du im Verwendungszweck deine <b>Anschrift<\/b> oder <b>Emailadresse <\/b>angibst. <\/span><\/span><\/p>\n<p><span id=\"p_lt_ctl04_pageplaceholder_p_lt_ctl04_P2PFaq2_lblFaqText\" style=\"color: #808080;\"><span style=\"font-size: 12pt;\">Du kannst auch \u00fcber <b>Paypal <\/b>spenden:<\/span><\/span><\/p>\n<p><span style=\"font-size: 14pt;\"><\/span><\/p>\t\t\t\t\t\t\t\t<\/div>\n\t\t\t\t<\/div>\n\t\t\t\t<div class=\"elementor-element elementor-element-1d49de1 elementor-widget elementor-widget-shortcode\" data-id=\"1d49de1\" data-element_type=\"widget\" data-e-type=\"widget\" data-widget_type=\"shortcode.default\">\n\t\t\t\t<div class=\"elementor-widget-container\">\n\t\t\t\t\t\t\t<div class=\"elementor-shortcode\"><form action=\"https:\/\/www.paypal.com\/donate\" method=\"post\" target=\"_top\">\n<input type=\"hidden\" name=\"hosted_button_id\" value=\"EJYX6FJGF688L\" \/>\n<input type=\"image\" src=\"https:\/\/pics.paypal.com\/00\/s\/OTNmODBmYTktNzVkYi00YWQ3LWFlMTgtMmUwZThhZDE2MTI2\/file.PNG\" border=\"0\" name=\"submit\" title=\"PayPal - The safer, easier way to pay online!\" alt=\"Spenden mit dem PayPal-Button\" \/>\n<img decoding=\"async\" alt=\"\" border=\"0\" src=\"https:\/\/www.paypal.com\/de_DE\/i\/scr\/pixel.gif\" width=\"1\" height=\"1\" \/>\n<\/form><\/div>\n\t\t\t\t\t\t<\/div>\n\t\t\t\t<\/div>\n\t\t\t\t<div class=\"elementor-element elementor-element-61b9bbc elementor-widget elementor-widget-spacer\" data-id=\"61b9bbc\" data-element_type=\"widget\" data-e-type=\"widget\" data-widget_type=\"spacer.default\">\n\t\t\t\t<div class=\"elementor-widget-container\">\n\t\t\t\t\t\t\t<div class=\"elementor-spacer\">\n\t\t\t<div class=\"elementor-spacer-inner\"><\/div>\n\t\t<\/div>\n\t\t\t\t\t\t<\/div>\n\t\t\t\t<\/div>\n\t\t\t\t\t<\/div>\n\t\t<\/div>\n\t\t\t\t\t<\/div>\n\t\t<\/section>\n\t\t\t\t<\/div>\n\t\t","protected":false},"excerpt":{"rendered":"","protected":false},"author":3,"featured_media":0,"parent":0,"menu_order":0,"comment_status":"closed","ping_status":"closed","template":"","meta":{"content-type":"","ngg_post_thumbnail":0,"_price":"","_stock":"","_tribe_ticket_header":"","_tribe_default_ticket_provider":"","_tribe_ticket_capacity":"0","_ticket_start_date":"","_ticket_end_date":"","_tribe_ticket_show_description":"","_tribe_ticket_show_not_going":false,"_tribe_ticket_use_global_stock":"","_tribe_ticket_global_stock_level":"","_global_stock_mode":"","_global_stock_cap":"","_tribe_rsvp_for_event":"","_tribe_ticket_going_count":"","_tribe_ticket_not_going_count":"","_tribe_tickets_list":"[]","_tribe_ticket_has_attendee_info_fields":false,"footnotes":"","_tec_slr_enabled":"","_tec_slr_layout":""},"class_list":["post-253","page","type-page","status-publish","hentry"],"ticketed":false,"_links":{"self":[{"href":"https:\/\/keshetdeutschland.de\/de\/wp-json\/wp\/v2\/pages\/253","targetHints":{"allow":["GET"]}}],"collection":[{"href":"https:\/\/keshetdeutschland.de\/de\/wp-json\/wp\/v2\/pages"}],"about":[{"href":"https:\/\/keshetdeutschland.de\/de\/wp-json\/wp\/v2\/types\/page"}],"author":[{"embeddable":true,"href":"https:\/\/keshetdeutschland.de\/de\/wp-json\/wp\/v2\/users\/3"}],"replies":[{"embeddable":true,"href":"https:\/\/keshetdeutschland.de\/de\/wp-json\/wp\/v2\/comments?post=253"}],"version-history":[{"count":65,"href":"https:\/\/keshetdeutschland.de\/de\/wp-json\/wp\/v2\/pages\/253\/revisions"}],"predecessor-version":[{"id":2221,"href":"https:\/\/keshetdeutschland.de\/de\/wp-json\/wp\/v2\/pages\/253\/revisions\/2221"}],"wp:attachment":[{"href":"https:\/\/keshetdeutschland.de\/de\/wp-json\/wp\/v2\/media?parent=253"}],"curies":[{"name":"wp","href":"https:\/\/api.w.org\/{rel}","templated":true}]}}