{"id":95,"date":"2020-06-30T08:48:41","date_gmt":"2020-06-30T08:48:41","guid":{"rendered":"http:\/\/keshetdeutschland.de\/?page_id=95"},"modified":"2024-04-17T17:25:16","modified_gmt":"2024-04-17T15:25:16","slug":"unsere-vision","status":"publish","type":"page","link":"https:\/\/keshetdeutschland.de\/de\/unsere-vision","title":{"rendered":"Unsere Vision"},"content":{"rendered":"\t\t<div data-elementor-type=\"wp-page\" data-elementor-id=\"95\" class=\"elementor elementor-95\">\n\t\t\t\t\t\t<section class=\"elementor-section elementor-top-section elementor-element elementor-element-29dc42e9 elementor-section-boxed elementor-section-height-default elementor-section-height-default\" data-id=\"29dc42e9\" data-element_type=\"section\" data-e-type=\"section\">\n\t\t\t\t\t\t<div class=\"elementor-container elementor-column-gap-default\">\n\t\t\t\t\t<div class=\"elementor-column elementor-col-100 elementor-top-column elementor-element elementor-element-66f1b74e\" data-id=\"66f1b74e\" data-element_type=\"column\" data-e-type=\"column\">\n\t\t\t<div class=\"elementor-widget-wrap elementor-element-populated\">\n\t\t\t\t\t\t<div class=\"elementor-element elementor-element-202467ce elementor-widget elementor-widget-text-editor\" data-id=\"202467ce\" data-element_type=\"widget\" data-e-type=\"widget\" data-widget_type=\"text-editor.default\">\n\t\t\t\t<div class=\"elementor-widget-container\">\n\t\t\t\t\t\t\t\t\t<p><span style=\"font-size: 14pt;\"><\/span><\/p>\n<p>Der Verein <b>Keshet Deutschland e.V<\/b>. setzt sich f\u00fcr die Interessen von lesbischen, schwulen, bisexuellen, trans*, inter* und anderen queeren Menschen innerhalb und au\u00dferhalb der j\u00fcdischen Gemeinschaft in Deutschland ein. Unsere Vision ist, dass j\u00fcdische LGBTIQ* Personen <b>gleichberechtigt und sichtbar<\/b> sind, in allen j\u00fcdischen Gemeinschaften in Deutschland und weltweit. Wir wollen die Rechte von und den Umgang mit queeren j\u00fcdischen Menschen in Deutschland f\u00f6rdern und ein offenes queeres Leben sowie queere Familien in j\u00fcdischen Gemeinden selbstverst\u00e4ndlich machen. Wir merken, dass Keshet insbesondere f\u00fcr junge Menschen einen wichtigen Anlaufpunkt und sicheren Raum bietet, um die eigene Identit\u00e4t zu finden und zu entfalten.<\/p>\n<p><span style=\"font-weight: 400;\">Zu einem der wichtigsten Themenfelder geh\u00f6rt auch die<\/span><b> Auseinandersetzung und die Bek\u00e4mpfung jeder Form von Diskriminierung <\/b><span style=\"font-weight: 400;\">von Menschen aufgrund ihrer sexuellen und geschlechtlichen Identit\u00e4t. Die Sensibilisierung f\u00fcr LGBTIQ*-Themen sowie die<\/span><b> F\u00f6rderung eines innerj\u00fcdischen aber auch interreligi\u00f6sen gesellschaftlichen Dialogs<\/b><span style=\"font-weight: 400;\"> zwischen Menschen mit LGBTIQ*-Identit\u00e4t und Anderen liegt uns besonders am Herzen.<\/span><\/p>\n<p><span style=\"font-weight: 400;\">Keshet Deutschland e.V. wurde im November 2018 in Berlin gegr\u00fcndet. Mittlerweile sind wir ein<\/span><b> \u00fcberregional<\/b><span style=\"font-weight: 400;\"> agierender Verein. Es gibt sechs Regionalgruppen <b>1) Rhein Main<\/b> <b>2) Bayern\/Baw\u00fc, 3) Berlin\/Brandenburg 4) Niedersachsen 5) Hamburg\/Bremen 6) NRW\u00a0 <\/b>und aktive Einzelpersonen deutschlandweit. <\/span>Bei Keshet Deutschland sind<b> j\u00fcdische Personen wie auch nichtj\u00fcdische Allies <\/b>unterschiedlicher Altersgruppen, geschlechtlicher- wie sexueller Identit\u00e4ten, religi\u00f6ser, famili\u00e4rer und auch politischer Hintergr\u00fcnde organisiert. Wie viel und wo sich Einzelne\u00a0 engagieren, h\u00e4ngt allein von ihren Bed\u00fcrfnissen und Kapazit\u00e4ten ab. Wir sind ein pluralistischer Verein und legen mehr Wert auf den gemeinsamen Grundkonsens, der uns verbindet sowie einen offenen, solidarischen und respektvollen Umgang, als auf jene Themen, die uns auch trennen.<\/p>\n<h4><span style=\"font-weight: 400;\">\u00a0<\/span><\/h4>\n<p>\u00a0<\/p>\n<p><span style=\"color: #000000; font-family: Montserrat, sans-serif; font-size: 16px; text-transform: uppercase;\">DIE DREI S\u00c4ULEN VON KESHET DEUTSCHLAND E.V.<\/span><\/p>\n<p>I. Wir schaffen einen<b> Safer Space<\/b> f\u00fcr eine LGBTIQ*-j\u00fcdische Gemeinschaft.\u00a0<\/p>\n<p>II. Wir f\u00f6rdern die <b>Sensibilisierung<\/b> von nicht-queeren j\u00fcdischen Menschen zu LGBTIQ*-Themen.<\/p>\n<p>III. Wir st\u00e4rken die gesamtgesellschaftliche <b>Aufkl\u00e4rung <\/b>und machen die Diversit\u00e4t des Judentums sichtbar<\/p>\n<p><span style=\"font-size: 14pt;\"><\/span><\/p>\t\t\t\t\t\t\t\t<\/div>\n\t\t\t\t<\/div>\n\t\t\t\t\t<\/div>\n\t\t<\/div>\n\t\t\t\t\t<\/div>\n\t\t<\/section>\n\t\t\t\t<\/div>\n\t\t","protected":false},"excerpt":{"rendered":"","protected":false},"author":1,"featured_media":0,"parent":0,"menu_order":0,"comment_status":"closed","ping_status":"closed","template":"","meta":{"content-type":"","ngg_post_thumbnail":0,"_price":"","_stock":"","_tribe_ticket_header":"","_tribe_default_ticket_provider":"","_tribe_ticket_capacity":"0","_ticket_start_date":"","_ticket_end_date":"","_tribe_ticket_show_description":"","_tribe_ticket_show_not_going":false,"_tribe_ticket_use_global_stock":"","_tribe_ticket_global_stock_level":"","_global_stock_mode":"","_global_stock_cap":"","_tribe_rsvp_for_event":"","_tribe_ticket_going_count":"","_tribe_ticket_not_going_count":"","_tribe_tickets_list":"[]","_tribe_ticket_has_attendee_info_fields":false,"footnotes":"","_tec_slr_enabled":"","_tec_slr_layout":""},"class_list":["post-95","page","type-page","status-publish","hentry"],"ticketed":false,"_links":{"self":[{"href":"https:\/\/keshetdeutschland.de\/de\/wp-json\/wp\/v2\/pages\/95","targetHints":{"allow":["GET"]}}],"collection":[{"href":"https:\/\/keshetdeutschland.de\/de\/wp-json\/wp\/v2\/pages"}],"about":[{"href":"https:\/\/keshetdeutschland.de\/de\/wp-json\/wp\/v2\/types\/page"}],"author":[{"embeddable":true,"href":"https:\/\/keshetdeutschland.de\/de\/wp-json\/wp\/v2\/users\/1"}],"replies":[{"embeddable":true,"href":"https:\/\/keshetdeutschland.de\/de\/wp-json\/wp\/v2\/comments?post=95"}],"version-history":[{"count":49,"href":"https:\/\/keshetdeutschland.de\/de\/wp-json\/wp\/v2\/pages\/95\/revisions"}],"predecessor-version":[{"id":2329,"href":"https:\/\/keshetdeutschland.de\/de\/wp-json\/wp\/v2\/pages\/95\/revisions\/2329"}],"wp:attachment":[{"href":"https:\/\/keshetdeutschland.de\/de\/wp-json\/wp\/v2\/media?parent=95"}],"curies":[{"name":"wp","href":"https:\/\/api.w.org\/{rel}","templated":true}]}}