{"id":861,"date":"2021-10-14T09:58:11","date_gmt":"2021-10-14T09:58:11","guid":{"rendered":"http:\/\/keshetdeutschland.de\/?page_id=861"},"modified":"2022-08-28T16:56:05","modified_gmt":"2022-08-28T14:56:05","slug":"pressemitteilungen","status":"publish","type":"page","link":"https:\/\/keshetdeutschland.de\/en\/pressemitteilungen","title":{"rendered":"Press Releases"},"content":{"rendered":"<div data-elementor-type=\"wp-page\" data-elementor-id=\"861\" class=\"elementor elementor-861\">\n\t\t\t\t\t\t<section class=\"elementor-section elementor-top-section elementor-element elementor-element-6613ac6 elementor-section-boxed elementor-section-height-default elementor-section-height-default\" data-id=\"6613ac6\" data-element_type=\"section\" data-e-type=\"section\">\n\t\t\t\t\t\t<div class=\"elementor-container elementor-column-gap-default\">\n\t\t\t\t\t<div class=\"elementor-column elementor-col-100 elementor-top-column elementor-element elementor-element-d61167d\" data-id=\"d61167d\" data-element_type=\"column\" data-e-type=\"column\">\n\t\t\t<div class=\"elementor-widget-wrap elementor-element-populated\">\n\t\t\t\t\t\t<div class=\"elementor-element elementor-element-b08bc79 elementor-widget elementor-widget-heading\" data-id=\"b08bc79\" data-element_type=\"widget\" data-e-type=\"widget\" data-widget_type=\"heading.default\">\n\t\t\t\t<div class=\"elementor-widget-container\">\n\t\t\t\t\t<h2 class=\"elementor-heading-title elementor-size-default\"><h2 data-elementor-setting-key=\"title\" data-pen-placeholder=\"Eingabe hier...\" style=\"font-family: var( --e-global-typography-primary-font-family ), Sans-serif;font-weight: var( --e-global-typography-primary-font-weight )\">Statement zum Welt-Artikel von Kantorin Gerstetter und Konversion<\/h2><\/h2>\t\t\t\t<\/div>\n\t\t\t\t<\/div>\n\t\t\t\t\t<\/div>\n\t\t<\/div>\n\t\t\t\t\t<\/div>\n\t\t<\/section>\n\t\t\t\t<section class=\"elementor-section elementor-top-section elementor-element elementor-element-9502705 elementor-section-boxed elementor-section-height-default elementor-section-height-default\" data-id=\"9502705\" data-element_type=\"section\" data-e-type=\"section\">\n\t\t\t\t\t\t<div class=\"elementor-container elementor-column-gap-default\">\n\t\t\t\t\t<div class=\"elementor-column elementor-col-100 elementor-top-column elementor-element elementor-element-d12285e\" data-id=\"d12285e\" data-element_type=\"column\" data-e-type=\"column\">\n\t\t\t<div class=\"elementor-widget-wrap elementor-element-populated\">\n\t\t\t\t\t\t<div class=\"elementor-element elementor-element-d7683ec elementor-widget elementor-widget-text-editor\" data-id=\"d7683ec\" data-element_type=\"widget\" data-e-type=\"widget\" data-widget_type=\"text-editor.default\">\n\t\t\t\t<div class=\"elementor-widget-container\">\n\t\t\t\t\t\t\t\t\t<p style=\"font-size: 16px;\"><span style=\"color: #1e6ea6;\"><b><u><a style=\"color: #1e6ea6;\" href=\"https:\/\/keshetdeutschland.de\/wp-content\/uploads\/2022\/08\/Statement-26.8.2022.pdf\">Statement 26.8.2022<\/a>\u00a0(PDF)<\/u><\/b><\/span><\/p><p style=\"color: #000000; font-size: 16px;\"><span style=\"color: #1e6ea6; font-family: var( --e-global-typography-text-font-family ), Sans-serif; font-weight: var( --e-global-typography-text-font-weight );\">Statement zum Artikel von Avitall Gerstetter in <em>Die Welt<\/em> vom 9.8.2022<\/span><\/p><p style=\"color: #000000; font-size: 16px;\"><span style=\"font-weight: 400;\">&#8222;Vor einigen Tagen erschien ein Artikel der Kantorin Avital Gerstetter in der Zeitung <\/span><i><span style=\"font-weight: 400;\">Die Welt<\/span><\/i><span style=\"font-weight: 400;\">, in dem sie sich \u00fcber zum Judentum konvertierte Menschen ausl\u00e4sst. Wir als Verein queer-j\u00fcdischer Menschen verurteilen die herablassenden und verletzenden sowie spekulativen und bewusst provozierenden Aussagen der Kantorin aufs Sch\u00e4rfste.&#8220;<\/span><\/p>\t\t\t\t\t\t\t\t<\/div>\n\t\t\t\t<\/div>\n\t\t\t\t\t<\/div>\n\t\t<\/div>\n\t\t\t\t\t<\/div>\n\t\t<\/section>\n\t\t\t\t<section class=\"elementor-section elementor-top-section elementor-element elementor-element-afe4331 elementor-section-boxed elementor-section-height-default elementor-section-height-default\" data-id=\"afe4331\" data-element_type=\"section\" data-e-type=\"section\">\n\t\t\t\t\t\t<div class=\"elementor-container elementor-column-gap-default\">\n\t\t\t\t\t<div class=\"elementor-column elementor-col-100 elementor-top-column elementor-element elementor-element-1052115\" data-id=\"1052115\" data-element_type=\"column\" data-e-type=\"column\">\n\t\t\t<div class=\"elementor-widget-wrap elementor-element-populated\">\n\t\t\t\t\t\t<div class=\"elementor-element elementor-element-7c16f5d elementor-widget elementor-widget-heading\" data-id=\"7c16f5d\" data-element_type=\"widget\" data-e-type=\"widget\" data-widget_type=\"heading.default\">\n\t\t\t\t<div class=\"elementor-widget-container\">\n\t\t\t\t\t<h2 class=\"elementor-heading-title elementor-size-default\">Hybride Podiumsdiskussion \u00fcber \"queer j\u00fcdisches Leben in Deutschland\"<\/h2>\t\t\t\t<\/div>\n\t\t\t\t<\/div>\n\t\t\t\t\t<\/div>\n\t\t<\/div>\n\t\t\t\t\t<\/div>\n\t\t<\/section>\n\t\t\t\t<section class=\"elementor-section elementor-top-section elementor-element elementor-element-7bad6cd elementor-section-boxed elementor-section-height-default elementor-section-height-default\" data-id=\"7bad6cd\" data-element_type=\"section\" data-e-type=\"section\">\n\t\t\t\t\t\t<div class=\"elementor-container elementor-column-gap-default\">\n\t\t\t\t\t<div class=\"elementor-column elementor-col-100 elementor-top-column elementor-element elementor-element-0da4c41\" data-id=\"0da4c41\" data-element_type=\"column\" data-e-type=\"column\">\n\t\t\t<div class=\"elementor-widget-wrap elementor-element-populated\">\n\t\t\t\t\t\t<div class=\"elementor-element elementor-element-d0f1001 elementor-widget elementor-widget-text-editor\" data-id=\"d0f1001\" data-element_type=\"widget\" data-e-type=\"widget\" data-widget_type=\"text-editor.default\">\n\t\t\t\t<div class=\"elementor-widget-container\">\n\t\t\t\t\t\t\t\t\t<p style=\"color: #000000; font-size: 16px;\"><span style=\"text-decoration-line: underline; color: #1e6ea6;\"><span style=\"font-weight: bold;\"><a style=\"color: #1e6ea6;\" href=\"https:\/\/keshetdeutschland.de\/wp-content\/uploads\/2022\/04\/Pressemitteilung-24.04.2022.pdf\">Pressemitteilung 24.04.2022<\/a>\u00a0(Link zum PDF)<\/span><\/span><\/p><p style=\"color: #000000; font-size: 16px;\"><span style=\"color: #1e6ea6; font-family: var( --e-global-typography-text-font-family ), Sans-serif; font-weight: var( --e-global-typography-text-font-weight );\">Podiumsdiskussion am 24. April 2022<\/span><\/p><p style=\"color: #000000; font-size: 16px;\"><span style=\"font-family: Arial, sans-serif; font-size: 12pt; font-weight: var( --e-global-typography-text-font-weight );\">Als Abschluss einer bundesweiten Eventreihe anl\u00e4sslich des Festjahres #2021JLID bestehend aus einem Pride-Shabbat, acht Workshops sowie einer Filmvorf\u00fchrung inklusive Interview mit der Regisseurin, l\u00e4dt der LGBTIQ*-j\u00fcdische Verein Keshet Deutschland e. V. am 24. April 2022 zu einer Podiumsdiskussion ein, mit dem Titel:\u00a0<\/span><b style=\"font-size: 12pt; font-family: Calibri, sans-serif; text-align: center;\"><span style=\"font-family: Arial, sans-serif;\">Queer j\u00fcdisches Leben in Deutschland<\/span><\/b><span style=\"font-size: 12pt; font-weight: var( --e-global-typography-text-font-weight ); text-align: center; font-family: 'Times New Roman', serif;\"> \u00ad\u2013 <\/span><b style=\"font-size: 12pt; font-family: Calibri, sans-serif; text-align: center;\"><span style=\"font-family: Arial, sans-serif;\">zwischen verschlossener T\u00fcr und ge\u00f6ffneten Schr\u00e4nken<\/span><\/b> <b style=\"font-size: 12pt; font-family: Calibri, sans-serif; text-align: center;\"><span style=\"font-family: Arial, sans-serif;\">(Vergangenheit, Gegenwart, Zukunft)<\/span><\/b><\/p><p style=\"margin: 0cm; font-size: 12pt; font-family: Calibri, sans-serif; color: #000000; text-align: center; line-height: 24px;\" align=\"center\">\u00a0<\/p><p style=\"margin: 0cm; font-size: 12pt; font-family: Calibri, sans-serif; color: #000000; line-height: 24px;\">\u00a0<\/p>\t\t\t\t\t\t\t\t<\/div>\n\t\t\t\t<\/div>\n\t\t\t\t\t<\/div>\n\t\t<\/div>\n\t\t\t\t\t<\/div>\n\t\t<\/section>\n\t\t\t\t<section class=\"elementor-section elementor-top-section elementor-element elementor-element-b550801 elementor-section-boxed elementor-section-height-default elementor-section-height-default\" data-id=\"b550801\" data-element_type=\"section\" data-e-type=\"section\">\n\t\t\t\t\t\t<div class=\"elementor-container elementor-column-gap-default\">\n\t\t\t\t\t<div class=\"elementor-column elementor-col-100 elementor-top-column elementor-element elementor-element-985a52b\" data-id=\"985a52b\" data-element_type=\"column\" data-e-type=\"column\">\n\t\t\t<div class=\"elementor-widget-wrap elementor-element-populated\">\n\t\t\t\t\t\t<div class=\"elementor-element elementor-element-4e7e92c elementor-widget elementor-widget-heading\" data-id=\"4e7e92c\" data-element_type=\"widget\" data-e-type=\"widget\" data-widget_type=\"heading.default\">\n\t\t\t\t<div class=\"elementor-widget-container\">\n\t\t\t\t\t<h2 class=\"elementor-heading-title elementor-size-default\">Absage der Teilnahme an der Christmas Avenue Berlin 6.12.2021<\/h2>\t\t\t\t<\/div>\n\t\t\t\t<\/div>\n\t\t\t\t\t<\/div>\n\t\t<\/div>\n\t\t\t\t\t<\/div>\n\t\t<\/section>\n\t\t\t\t<section class=\"elementor-section elementor-top-section elementor-element elementor-element-6177a94 elementor-section-boxed elementor-section-height-default elementor-section-height-default\" data-id=\"6177a94\" data-element_type=\"section\" data-e-type=\"section\">\n\t\t\t\t\t\t<div class=\"elementor-container elementor-column-gap-default\">\n\t\t\t\t\t<div class=\"elementor-column elementor-col-100 elementor-top-column elementor-element elementor-element-4b37d1d\" data-id=\"4b37d1d\" data-element_type=\"column\" data-e-type=\"column\">\n\t\t\t<div class=\"elementor-widget-wrap elementor-element-populated\">\n\t\t\t\t\t\t<div class=\"elementor-element elementor-element-97f90f7 elementor-widget elementor-widget-text-editor\" data-id=\"97f90f7\" data-element_type=\"widget\" data-e-type=\"widget\" data-widget_type=\"text-editor.default\">\n\t\t\t\t<div class=\"elementor-widget-container\">\n\t\t\t\t\t\t\t\t\t<p><span style=\"text-decoration: underline; color: #1e6ea6;\"><strong><a style=\"color: #1e6ea6; text-decoration: underline;\" href=\"http:\/\/keshetdeutschland.de\/wp-content\/uploads\/2021\/12\/Absage-Keshet-und-LIB-1.pdf\" target=\"_blank\" rel=\"noopener\">Statement (Link zum PDF)<\/a><\/strong><\/span><\/p><p><span style=\"color: #1e6ea6;\">von Keshet Deutschland e.V. und dem Liberal-Islamischen Bund e.V.<\/span><\/p><p class=\"p2\">Als Vereine nehmen wir grunds\u00e4tzlich sehr gerne an interreligi\u00f6sen Veranstaltungen Teil und begr\u00fc\u00dfen es, wenn in queeren Kontexten religi\u00f6se Bez\u00fcge Sichtbarkeit erfahren. Notwendig daf\u00fcr ist die Gew\u00e4hrleistung von Sicherheit und Wertsch\u00e4tzung. Unsere Teilnahme an der Christmas Avenue m\u00fcssen wir absagen, da sie einen solchen Rahmen nicht garantieren kann. In der oben verlinkten Datei wird dies n\u00e4her erl\u00e4utert.<\/p>\t\t\t\t\t\t\t\t<\/div>\n\t\t\t\t<\/div>\n\t\t\t\t\t<\/div>\n\t\t<\/div>\n\t\t\t\t\t<\/div>\n\t\t<\/section>\n\t\t\t\t<section class=\"elementor-section elementor-top-section elementor-element elementor-element-df1cc73 elementor-section-boxed elementor-section-height-default elementor-section-height-default\" data-id=\"df1cc73\" data-element_type=\"section\" data-e-type=\"section\">\n\t\t\t\t\t\t<div class=\"elementor-container elementor-column-gap-default\">\n\t\t\t\t\t<div class=\"elementor-column elementor-col-100 elementor-top-column elementor-element elementor-element-365be08\" data-id=\"365be08\" data-element_type=\"column\" data-e-type=\"column\">\n\t\t\t<div class=\"elementor-widget-wrap elementor-element-populated\">\n\t\t\t\t\t\t<div class=\"elementor-element elementor-element-cb08b83 elementor-widget elementor-widget-heading\" data-id=\"cb08b83\" data-element_type=\"widget\" data-e-type=\"widget\" data-widget_type=\"heading.default\">\n\t\t\t\t<div class=\"elementor-widget-container\">\n\t\t\t\t\t<h2 class=\"elementor-heading-title elementor-size-default\"><h2 class=\"elementor-heading-title elementor-size-default elementor-inline-editing pen\" data-elementor-setting-key=\"title\" data-pen-placeholder=\"Eingabe hier...\" style=\"font-family: var( --e-global-typography-primary-font-family ), Sans-serif;font-weight: var( --e-global-typography-primary-font-weight )\">Pride shabbat am 23.07.2021<\/h2><\/h2>\t\t\t\t<\/div>\n\t\t\t\t<\/div>\n\t\t\t\t\t<\/div>\n\t\t<\/div>\n\t\t\t\t\t<\/div>\n\t\t<\/section>\n\t\t\t\t<section class=\"elementor-section elementor-top-section elementor-element elementor-element-7a98e13 elementor-section-boxed elementor-section-height-default elementor-section-height-default\" data-id=\"7a98e13\" data-element_type=\"section\" data-e-type=\"section\">\n\t\t\t\t\t\t<div class=\"elementor-container elementor-column-gap-default\">\n\t\t\t\t\t<div class=\"elementor-column elementor-col-100 elementor-top-column elementor-element elementor-element-8019a26\" data-id=\"8019a26\" data-element_type=\"column\" data-e-type=\"column\">\n\t\t\t<div class=\"elementor-widget-wrap elementor-element-populated\">\n\t\t\t\t\t\t<div class=\"elementor-element elementor-element-75bc348 elementor-widget elementor-widget-text-editor\" data-id=\"75bc348\" data-element_type=\"widget\" data-e-type=\"widget\" data-widget_type=\"text-editor.default\">\n\t\t\t\t<div class=\"elementor-widget-container\">\n\t\t\t\t\t\t\t\t\t<p style=\"margin: 0cm; font-size: 12pt; font-family: Calibri, sans-serif; color: #000000;\"><span style=\"color: #1e6ea6;\"><strong><a style=\"color: #1e6ea6;\" href=\"https:\/\/keshetdeutschland.de\/wp-content\/uploads\/2022\/04\/2021_PM_Queer-Juedisch-Pride-Shabbat-2021.pdf\">Pressemitteilung 23.07.2021 (Link zum PDF)<\/a><\/strong><\/span><\/p><p style=\"margin: 0cm; font-size: 12pt; font-family: Calibri, sans-serif; color: #000000;\"><span style=\"color: #1e6ea6;\">\u00a0<\/span><\/p><p style=\"margin: 0cm; font-size: 12pt; font-family: Calibri, sans-serif; color: #000000;\"><span style=\"color: #1e6ea6;\">Keshet Deutschland e.V. veranstaltet anl\u00e4sslich des Christopher Street Days einen Pride Shabbat in Berlin.<\/span><\/p><p style=\"margin: 0cm; font-size: 12pt; font-family: Calibri, sans-serif; color: #000000;\">\u00a0<\/p><p class=\"MsoNormal\" style=\"margin: 0cm; font-size: 12pt; font-family: Calibri, sans-serif; color: #000000;\">Auch in diesem Jahr veranstaltet der queer-j\u00fcdische Verein Keshet Deutschland e.V. einen besonderen. Shabbat in Berlin. Veranstaltungsort ist das J\u00fcdische Museum Berlin, wo am Freitag, 23. Juli, Kantor Yoed Sorek und Rabbinatsstudentin Helene Braun einen Pride Gottesdienst leiten werden. Die Veranstaltung findet im Rahmen des CSD statt. Sie ist Teil einer Veranstaltungsreihe von Keshet Deutschland und ein Beitrag zum Festjahr \u201e1700 Jahre J\u00fcdisches Leben in Deutschland\u201c.<\/p>\t\t\t\t\t\t\t\t<\/div>\n\t\t\t\t<\/div>\n\t\t\t\t\t<\/div>\n\t\t<\/div>\n\t\t\t\t\t<\/div>\n\t\t<\/section>\n\t\t\t\t<\/div>","protected":false},"excerpt":{"rendered":"<p>Statement zum Welt-Artikel von Kantorin Gerstetter und Konversion Statement 26.8.2022\u00a0(PDF) Statement zum Artikel von Avitall Gerstetter in Die Welt vom 9.8.2022 &#8222;Vor einigen Tagen erschien ein Artikel der Kantorin Avital Gerstetter in der Zeitung Die Welt, in dem sie sich \u00fcber zum Judentum konvertierte Menschen&nbsp;<a class=\"read-more\" href=\"https:\/\/keshetdeutschland.de\/en\/pressemitteilungen\">&hellip;<\/a><\/p>","protected":false},"author":4,"featured_media":0,"parent":0,"menu_order":0,"comment_status":"closed","ping_status":"closed","template":"","meta":{"content-type":"","ngg_post_thumbnail":0,"_price":"","_stock":"","_tribe_ticket_header":"","_tribe_default_ticket_provider":"","_tribe_ticket_capacity":"0","_ticket_start_date":"","_ticket_end_date":"","_tribe_ticket_show_description":"","_tribe_ticket_show_not_going":false,"_tribe_ticket_use_global_stock":"","_tribe_ticket_global_stock_level":"","_global_stock_mode":"","_global_stock_cap":"","_tribe_rsvp_for_event":"","_tribe_ticket_going_count":"","_tribe_ticket_not_going_count":"","_tribe_tickets_list":"[]","_tribe_ticket_has_attendee_info_fields":false,"footnotes":"","_tec_slr_enabled":"","_tec_slr_layout":""},"class_list":["post-861","page","type-page","status-publish","hentry"],"ticketed":false,"_links":{"self":[{"href":"https:\/\/keshetdeutschland.de\/en\/wp-json\/wp\/v2\/pages\/861","targetHints":{"allow":["GET"]}}],"collection":[{"href":"https:\/\/keshetdeutschland.de\/en\/wp-json\/wp\/v2\/pages"}],"about":[{"href":"https:\/\/keshetdeutschland.de\/en\/wp-json\/wp\/v2\/types\/page"}],"author":[{"embeddable":true,"href":"https:\/\/keshetdeutschland.de\/en\/wp-json\/wp\/v2\/users\/4"}],"replies":[{"embeddable":true,"href":"https:\/\/keshetdeutschland.de\/en\/wp-json\/wp\/v2\/comments?post=861"}],"version-history":[{"count":49,"href":"https:\/\/keshetdeutschland.de\/en\/wp-json\/wp\/v2\/pages\/861\/revisions"}],"predecessor-version":[{"id":1623,"href":"https:\/\/keshetdeutschland.de\/en\/wp-json\/wp\/v2\/pages\/861\/revisions\/1623"}],"wp:attachment":[{"href":"https:\/\/keshetdeutschland.de\/en\/wp-json\/wp\/v2\/media?parent=861"}],"curies":[{"name":"wp","href":"https:\/\/api.w.org\/{rel}","templated":true}]}}