{"id":95,"date":"2020-06-30T08:48:41","date_gmt":"2020-06-30T08:48:41","guid":{"rendered":"http:\/\/keshetdeutschland.de\/?page_id=95"},"modified":"2024-04-17T17:25:16","modified_gmt":"2024-04-17T15:25:16","slug":"unsere-vision","status":"publish","type":"page","link":"https:\/\/keshetdeutschland.de\/en\/unsere-vision","title":{"rendered":"Our Vision"},"content":{"rendered":"<div data-elementor-type=\"wp-page\" data-elementor-id=\"95\" class=\"elementor elementor-95\">\n\t\t\t\t\t\t<section class=\"elementor-section elementor-top-section elementor-element elementor-element-29dc42e9 elementor-section-boxed elementor-section-height-default elementor-section-height-default\" data-id=\"29dc42e9\" data-element_type=\"section\" data-e-type=\"section\">\n\t\t\t\t\t\t<div class=\"elementor-container elementor-column-gap-default\">\n\t\t\t\t\t<div class=\"elementor-column elementor-col-100 elementor-top-column elementor-element elementor-element-66f1b74e\" data-id=\"66f1b74e\" data-element_type=\"column\" data-e-type=\"column\">\n\t\t\t<div class=\"elementor-widget-wrap elementor-element-populated\">\n\t\t\t\t\t\t<div class=\"elementor-element elementor-element-202467ce elementor-widget elementor-widget-text-editor\" data-id=\"202467ce\" data-element_type=\"widget\" data-e-type=\"widget\" data-widget_type=\"text-editor.default\">\n\t\t\t\t<div class=\"elementor-widget-container\">\n\t\t\t\t\t\t\t\t\t<p><span style=\"font-size: 14pt;\"><\/span><\/p>\n<p class=\"translation-block\">The association Keshet Deutschland e.V. advocates for the interests of lesbian, gay, bisexual, trans*, inter* and other queer people inside and outside the Jewish community in Germany. Our vision is that Jewish LGBTIQ* people are equal and visible in all Jewish communities in Germany and worldwide. We want to promote the rights of and interaction with queer Jewish people in Germany and make open queer life and queer families a given in Jewish communities. We notice that Keshet offers an important contact point and safe space, especially for young people, to find and develop their own identity.<\/p>\n<p class=\"translation-block\">One of the most important topics also includes addressing and combating all forms of discrimination against people on the basis of their sexual and gender identity. Raising awareness for LGBTIQ* issues as well as promoting an intra-Jewish but also inter-religious social dialogue between people with LGBTIQ* identities and others is particularly close to our hearts.<\/p>\n<p><span style=\"font-weight: 400;\">Keshet Deutschland e.V. wurde im November 2018 in Berlin gegr\u00fcndet. Mittlerweile sind wir ein<\/span><b> \u00fcberregional<\/b><span style=\"font-weight: 400;\"> agierender Verein. Es gibt sechs Regionalgruppen <b>1) Rhein Main<\/b> <b>2) Bayern\/Baw\u00fc, 3) Berlin\/Brandenburg 4) Niedersachsen 5) Hamburg\/Bremen 6) NRW\u00a0 <\/b>und aktive Einzelpersonen deutschlandweit. <\/span>Bei Keshet Deutschland sind<b> j\u00fcdische Personen wie auch nichtj\u00fcdische Allies <\/b>unterschiedlicher Altersgruppen, geschlechtlicher- wie sexueller Identit\u00e4ten, religi\u00f6ser, famili\u00e4rer und auch politischer Hintergr\u00fcnde organisiert. Wie viel und wo sich Einzelne\u00a0 engagieren, h\u00e4ngt allein von ihren Bed\u00fcrfnissen und Kapazit\u00e4ten ab. Wir sind ein pluralistischer Verein und legen mehr Wert auf den gemeinsamen Grundkonsens, der uns verbindet sowie einen offenen, solidarischen und respektvollen Umgang, als auf jene Themen, die uns auch trennen.<\/p>\n<h4><span style=\"font-weight: 400;\">\u00a0<\/span><\/h4>\n<p>\u00a0<\/p>\n<p><span style=\"color: #000000; font-family: Montserrat, sans-serif; font-size: 16px; text-transform: uppercase;\">The three pillars of Keshet Germany<\/span><\/p>\n<p class=\"translation-block\">I. We create a safer space for an LGBTIQ* Jewish community.<\/p>\n<p class=\"translation-block\">II. We promote raising awareness of LGBTIQ* issues among non-queer Jewish people.<\/p>\n<p class=\"translation-block\">III. We strengthen society-wide knowledge and make the diversity of Judaism visible.<\/p>\n<p><span style=\"font-size: 14pt;\"><\/span><\/p>\t\t\t\t\t\t\t\t<\/div>\n\t\t\t\t<\/div>\n\t\t\t\t\t<\/div>\n\t\t<\/div>\n\t\t\t\t\t<\/div>\n\t\t<\/section>\n\t\t\t\t<\/div>","protected":false},"excerpt":{"rendered":"","protected":false},"author":1,"featured_media":0,"parent":0,"menu_order":0,"comment_status":"closed","ping_status":"closed","template":"","meta":{"content-type":"","ngg_post_thumbnail":0,"_price":"","_stock":"","_tribe_ticket_header":"","_tribe_default_ticket_provider":"","_tribe_ticket_capacity":"0","_ticket_start_date":"","_ticket_end_date":"","_tribe_ticket_show_description":"","_tribe_ticket_show_not_going":false,"_tribe_ticket_use_global_stock":"","_tribe_ticket_global_stock_level":"","_global_stock_mode":"","_global_stock_cap":"","_tribe_rsvp_for_event":"","_tribe_ticket_going_count":"","_tribe_ticket_not_going_count":"","_tribe_tickets_list":"[]","_tribe_ticket_has_attendee_info_fields":false,"footnotes":"","_tec_slr_enabled":"","_tec_slr_layout":""},"class_list":["post-95","page","type-page","status-publish","hentry"],"ticketed":false,"_links":{"self":[{"href":"https:\/\/keshetdeutschland.de\/en\/wp-json\/wp\/v2\/pages\/95","targetHints":{"allow":["GET"]}}],"collection":[{"href":"https:\/\/keshetdeutschland.de\/en\/wp-json\/wp\/v2\/pages"}],"about":[{"href":"https:\/\/keshetdeutschland.de\/en\/wp-json\/wp\/v2\/types\/page"}],"author":[{"embeddable":true,"href":"https:\/\/keshetdeutschland.de\/en\/wp-json\/wp\/v2\/users\/1"}],"replies":[{"embeddable":true,"href":"https:\/\/keshetdeutschland.de\/en\/wp-json\/wp\/v2\/comments?post=95"}],"version-history":[{"count":49,"href":"https:\/\/keshetdeutschland.de\/en\/wp-json\/wp\/v2\/pages\/95\/revisions"}],"predecessor-version":[{"id":2329,"href":"https:\/\/keshetdeutschland.de\/en\/wp-json\/wp\/v2\/pages\/95\/revisions\/2329"}],"wp:attachment":[{"href":"https:\/\/keshetdeutschland.de\/en\/wp-json\/wp\/v2\/media?parent=95"}],"curies":[{"name":"wp","href":"https:\/\/api.w.org\/{rel}","templated":true}]}}